{"id":201,"date":"2018-04-13T11:00:04","date_gmt":"2018-04-13T11:00:04","guid":{"rendered":"http:\/\/5g-iot.mdx.ac.uk\/?page_id=201"},"modified":"2023-02-10T10:22:39","modified_gmt":"2023-02-10T10:22:39","slug":"project","status":"publish","type":"page","link":"https:\/\/5g-iot.mdx.ac.uk\/?page_id=201","title":{"rendered":"Location-based Control and Management System for Safety and Emergency Rescuing Services using LTE D2D Technology"},"content":{"rendered":"<div class=\"entry\">\n<blockquote><p>Newton Fund Institutional Links Programme<\/p><\/blockquote>\n<p><strong><a id=\"Overview\"><\/a><\/strong><\/p>\n<p><img loading=\"lazy\" decoding=\"async\" class=\"alignnone  wp-image-510\" src=\"http:\/\/5g-iot.mdx.ac.uk\/wp-content\/uploads\/2018\/09\/logos_BC_NF_n-300x79.png\" alt=\"\" width=\"455\" height=\"120\" srcset=\"https:\/\/5g-iot.mdx.ac.uk\/wp-content\/uploads\/2018\/09\/logos_BC_NF_n-300x79.png 300w, https:\/\/5g-iot.mdx.ac.uk\/wp-content\/uploads\/2018\/09\/logos_BC_NF_n-768x203.png 768w, https:\/\/5g-iot.mdx.ac.uk\/wp-content\/uploads\/2018\/09\/logos_BC_NF_n-1024x271.png 1024w, https:\/\/5g-iot.mdx.ac.uk\/wp-content\/uploads\/2018\/09\/logos_BC_NF_n.png 1179w\" sizes=\"auto, (max-width: 455px) 100vw, 455px\" \/><\/p>\n<h1>Genel Bak\u0131\u015f<\/h1>\n<p>\u201c<strong>LTE D2D teknolojisini kullanarak g\u00fcvenlik uyar\u0131s\u0131 ve acil kurtarma hizmetleri i\u00e7in konum tabanl\u0131 kontrol ve y\u00f6netim sistemi<\/strong>\u201d ba\u015fl\u0131kl\u0131 bu proje, Newton Program\u0131 T\u00fcrkiye ortakl\u0131\u011f\u0131 kapsam\u0131nda 216429427 say\u0131l\u0131 kurumsal ba\u011flant\u0131lar hibesi ile desteklenmektedir. Hibe \u0130ngiltere \u0130\u015f, Enerji ve Sanayi Departman\u0131 Stratejisi (UK Department of Business, Energy and Industrial Strategy, BEIS) taraf\u0131ndan finanse edilmekte ve British Council taraf\u0131ndan verilmektedir. Daha fazla bilgi i\u00e7in www.newtonfund.ac.uk adresini ziyaret edebilirsiniz.<\/p>\n<p>\u0130ki ana akademik \u00fcye Orta Do\u011fu Teknik \u00dcniversitesi (T\u00fcrkiye), Middlesex \u00dcniversitesi Londra (\u0130ngiltere), ayn\u0131 zamanda Cobham Wireless (\u0130ngiltere) ve Kings College London destekli bu proje mobil kullan\u0131c\u0131lara g\u00fcvenlik deste\u011fi sa\u011flayan ve afet durumunda acil durum hizmetlerine yard\u0131mc\u0131 olan konuma dayal\u0131 bir sistemin geli\u015ftirilmesini hedeflemi\u015ftir. \u00d6nerilen sistem, uzun s\u00fcreli geli\u015fim (long term evolution) a\u011flar\u0131 \u00fczerinde \u00e7al\u0131\u015fan en yeni cihazdan cihaza ve r\u00f6le teknolojilerini kullanarak izleme, uyar\u0131 ve kurtarma hizmetlerini desteklemektedir. Proje hedef uygulamalar\u0131 deprem, sel, madencilik afetleri ve benzer g\u00fcvenli olmayan alanlarda s\u0131kl\u0131kla g\u00f6zlemlenebilen acil durumlard\u0131r. Uzak kamp alanlar\u0131, karl\u0131 y\u00fcr\u00fcy\u00fc\u015f yollar\u0131, ve heyelanlar alanlar\u0131 gibi potansiyel olarak g\u00fcvenli olmayan ve ayn\u0131 zamanda geleneksel h\u00fccresel a\u011flar\u0131n, ve ileti\u015fim ara\u00e7lar\u0131n\u0131n sadece k\u0131smen mevcut olabilece\u011fi senaryolar da g\u00fcvenlik deste\u011fi sa\u011flanmas\u0131 amac\u0131 ile ele al\u0131nmaktad\u0131rlar. \u00d6nerilen sistem potansiyel olarak hastal\u0131k ve pandemi gibi insan felaketlerine uygulanabilir. Uyar\u0131 hizmetlerini test etmek i\u00e7in bir prototip g\u00f6sterim sistemi olu\u015fturulacakt\u0131r. Proje sonu\u00e7lar\u0131 itibar\u0131yile genel kamu, h\u00fck\u00fcmet, kablosuz end\u00fcstri ve sa\u011fl\u0131k \/ g\u00fcvenlik sekt\u00f6rlerine \u00f6nemli sosyal ve ekonomik faydalar sa\u011flama potansiyeline sahiptir.<\/p>\n<h1><strong>Overview<\/strong><\/h1>\n<p>This project entitled &#8220;<strong><em>Location-based control and management system for safety warning and emergency rescuing services using LTE D2D technology<\/em><\/strong>&#8221; is supported by an Institutional Links grant, ID 216429427, under the Newton Programme Turkey partnership. The grant is funded by the UK Department of Business, Energy and Industrial Strategy (BEIS) and delivered by the British Council. For further information, please visit www.newtonfund.ac.uk.<\/p>\n<p>This collaboration between two main academic members, Middlesex University London, UK, and Middle East Technical University, Turkey, with the support of Cobham Wireless (UK) and Kings College London is for the development of a location-based system that provides safety support to mobile users and assists emergency services in the event of disasters. The proposed system will support monitoring, alerts and rescue services by utilising the latest device-to-device and relay technologies working over the long-term evolution networks. Our targets are emergency situations in Turkey and its region during\/after disasters such as earthquakes, mining disasters, and avalanches where unsafe areas are often found. Other safety issues will also be addressed, such as the dangers in unsafe areas at remote campsites, snowy walking trails and landslides, where conventional communication means of cellular networks may only be partially available. The system will potentially be applied for human disasters like disease pandemics. A prototype demonstration system will be built to test the alerting services. The project&#8217;s outcomes will provide significant social and economic benefits to the general public, government, wireless industry, and health\/safety sectors.<\/p>\n<h3><img loading=\"lazy\" decoding=\"async\" class=\"aligncenter wp-image-209\" src=\"http:\/\/5g-iot.mdx.ac.uk\/wp-content\/uploads\/2018\/02\/Figure1-1.png\" alt=\"\" width=\"796\" height=\"520\" srcset=\"https:\/\/5g-iot.mdx.ac.uk\/wp-content\/uploads\/2018\/02\/Figure1-1.png 2533w, https:\/\/5g-iot.mdx.ac.uk\/wp-content\/uploads\/2018\/02\/Figure1-1-300x196.png 300w, https:\/\/5g-iot.mdx.ac.uk\/wp-content\/uploads\/2018\/02\/Figure1-1-768x501.png 768w, https:\/\/5g-iot.mdx.ac.uk\/wp-content\/uploads\/2018\/02\/Figure1-1-1024x668.png 1024w\" sizes=\"auto, (max-width: 796px) 100vw, 796px\" \/><\/h3>\n<p><strong><a id=\"Goals\"><\/a><\/strong><\/p>\n<\/div>\n","protected":false},"excerpt":{"rendered":"<p>Newton Fund Institutional Links Programme Genel Bak\u0131\u015f \u201cLTE D2D teknolojisini kullanarak g\u00fcvenlik uyar\u0131s\u0131 ve acil kurtarma hizmetleri i\u00e7in konum tabanl\u0131 kontrol ve y\u00f6netim sistemi\u201d ba\u015fl\u0131kl\u0131 bu proje, Newton Program\u0131 T\u00fcrkiye ortakl\u0131\u011f\u0131 kapsam\u0131nda 216429427 say\u0131l\u0131 kurumsal ba\u011flant\u0131lar hibesi ile desteklenmektedir. Hibe \u0130ngiltere \u0130\u015f, Enerji ve Sanayi Departman\u0131 Stratejisi (UK Department of Business, Energy and Industrial Strategy, &#8230;<\/p>\n","protected":false},"author":4,"featured_media":0,"parent":0,"menu_order":0,"comment_status":"closed","ping_status":"closed","template":"","meta":{"footnotes":""},"class_list":["post-201","page","type-page","status-publish"],"_links":{"self":[{"href":"https:\/\/5g-iot.mdx.ac.uk\/index.php?rest_route=\/wp\/v2\/pages\/201","targetHints":{"allow":["GET"]}}],"collection":[{"href":"https:\/\/5g-iot.mdx.ac.uk\/index.php?rest_route=\/wp\/v2\/pages"}],"about":[{"href":"https:\/\/5g-iot.mdx.ac.uk\/index.php?rest_route=\/wp\/v2\/types\/page"}],"author":[{"embeddable":true,"href":"https:\/\/5g-iot.mdx.ac.uk\/index.php?rest_route=\/wp\/v2\/users\/4"}],"replies":[{"embeddable":true,"href":"https:\/\/5g-iot.mdx.ac.uk\/index.php?rest_route=%2Fwp%2Fv2%2Fcomments&post=201"}],"version-history":[{"count":35,"href":"https:\/\/5g-iot.mdx.ac.uk\/index.php?rest_route=\/wp\/v2\/pages\/201\/revisions"}],"predecessor-version":[{"id":753,"href":"https:\/\/5g-iot.mdx.ac.uk\/index.php?rest_route=\/wp\/v2\/pages\/201\/revisions\/753"}],"wp:attachment":[{"href":"https:\/\/5g-iot.mdx.ac.uk\/index.php?rest_route=%2Fwp%2Fv2%2Fmedia&parent=201"}],"curies":[{"name":"wp","href":"https:\/\/api.w.org\/{rel}","templated":true}]}}